{"id":366,"date":"2011-09-04T06:23:59","date_gmt":"2011-09-04T06:23:59","guid":{"rendered":"http:\/\/www.sh-podcast.de\/?page_id=366"},"modified":"2012-03-22T20:56:57","modified_gmt":"2012-03-22T20:56:57","slug":"sh-podcast-videos","status":"publish","type":"page","link":"http:\/\/www.sh-podcast.de\/?page_id=366","title":{"rendered":"SH-Podcast Videos"},"content":{"rendered":"<p>Soweit nicht anders angegeben sind die Videos bei YouTube ver\u00f6ffentlicht.<\/p>\n<ul>\n<li>22.03.2012: <a href=\"http:\/\/www.youtube.com\/watch?v=vODnSsiEbEU\" target=\"_blank\">Der Pharis\u00e4er von Nordstand<\/a><\/li>\n<li>16.03.2012: <a href=\"http:\/\/www.youtube.com\/watch?v=OeCrEibnDgE\" target=\"_blank\">Die Kieler H\u00f6rnbr\u00fccke (Dreifeldzugklappbr\u00fccke)<\/a><\/li>\n<li>21.09.2011: <a href=\"http:\/\/www.youtube.com\/watch?v=6lkG5XQZ7tg\" target=\"_blank\">Oeversee \/ Sankelmark in 3D<\/a><\/li>\n<li>21.09.2011: <a href=\"http:\/\/www.youtube.com\/watch?v=tD1DU6eDQIo\" target=\"_blank\">Oeversee \/ Sankelmark in 2D<\/a><\/li>\n<li>04.09.2011: <a href=\"http:\/\/www.youtube.com\/watch?v=6lkG5XQZ7tg\" target=\"_blank\">NOK Romantika 2011 (Nord-Ostsee-Kanal)<\/a><\/li>\n<li>03.09.2011: <a href=\"http:\/\/www.youtube.com\/watch?v=I4R_-o24TYs\" target=\"_blank\">Langwedel in 3D<\/a><\/li>\n<li>03.09.2011: <a href=\"http:\/\/www.youtube.com\/watch?v=vvdy6Vm9hDU\" target=\"_blank\">Langwedel in 2D<\/a><\/li>\n<li>30.07.2011: <a href=\"http:\/\/www.youtube.com\/watch?v=CjqitM4glMI\" target=\"_blank\">S\u00fcderbrarup und Brarup-Markt<\/a><\/li>\n<li>27.07.2011: <a href=\"http:\/\/www.youtube.com\/watch?v=rN3nY3uHomQ\" target=\"_blank\">Cuxhaven<\/a><\/li>\n<\/ul>\n","protected":false},"excerpt":{"rendered":"<p>Soweit nicht anders angegeben sind die Videos bei YouTube ver\u00f6ffentlicht. 22.03.2012: Der Pharis\u00e4er von Nordstand 16.03.2012: Die Kieler H\u00f6rnbr\u00fccke (Dreifeldzugklappbr\u00fccke) 21.09.2011: Oeversee \/ Sankelmark in 3D 21.09.2011: Oeversee \/ Sankelmark in 2D 04.09.2011: NOK Romantika 2011 (Nord-Ostsee-Kanal) 03.09.2011: Langwedel in 3D 03.09.2011: Langwedel in 2D 30.07.2011: S\u00fcderbrarup und Brarup-Markt 27.07.2011: Cuxhaven<\/p>\n","protected":false},"author":1,"featured_media":0,"parent":0,"menu_order":0,"comment_status":"open","ping_status":"open","template":"","meta":{"footnotes":""},"class_list":["post-366","page","type-page","status-publish","hentry"],"_links":{"self":[{"href":"http:\/\/www.sh-podcast.de\/index.php?rest_route=\/wp\/v2\/pages\/366","targetHints":{"allow":["GET"]}}],"collection":[{"href":"http:\/\/www.sh-podcast.de\/index.php?rest_route=\/wp\/v2\/pages"}],"about":[{"href":"http:\/\/www.sh-podcast.de\/index.php?rest_route=\/wp\/v2\/types\/page"}],"author":[{"embeddable":true,"href":"http:\/\/www.sh-podcast.de\/index.php?rest_route=\/wp\/v2\/users\/1"}],"replies":[{"embeddable":true,"href":"http:\/\/www.sh-podcast.de\/index.php?rest_route=%2Fwp%2Fv2%2Fcomments&post=366"}],"version-history":[{"count":8,"href":"http:\/\/www.sh-podcast.de\/index.php?rest_route=\/wp\/v2\/pages\/366\/revisions"}],"predecessor-version":[{"id":369,"href":"http:\/\/www.sh-podcast.de\/index.php?rest_route=\/wp\/v2\/pages\/366\/revisions\/369"}],"wp:attachment":[{"href":"http:\/\/www.sh-podcast.de\/index.php?rest_route=%2Fwp%2Fv2%2Fmedia&parent=366"}],"curies":[{"name":"wp","href":"https:\/\/api.w.org\/{rel}","templated":true}]}}